{"id":163,"date":"2020-08-20T18:30:47","date_gmt":"2020-08-20T16:30:47","guid":{"rendered":"https:\/\/www.ondinefrance.org\/?page_id=163"},"modified":"2020-09-03T22:38:01","modified_gmt":"2020-09-03T20:38:01","slug":"les-rencontres-avec-lafso","status":"publish","type":"page","link":"https:\/\/www.ondinefrance.org\/index.php\/les-rencontres-avec-lafso\/","title":{"rendered":"Les rencontres avec l&rsquo;AFSO"},"content":{"rendered":"<p>Des rencontres sont organis\u00e9es par le Centre de R\u00e9f\u00e9rence Fran\u00e7ais du Syndrome d&rsquo;Ondine et par l&rsquo;Association Fran\u00e7aise du Syndrome d&rsquo;Ondine&#8230; Le moment est pr\u00e9cieux pour des \u00e9changes amicaux entre les enfants, adolescents et jeunes adultes Ondine, entour\u00e9s par leurs familles et les m\u00e9decins et professionnels de sant\u00e9.<\/p>\n<p><strong><img loading=\"lazy\" decoding=\"async\" class=\"alignnone wp-image-35\" src=\"https:\/\/www.ondinefrance.org\/wp-content\/uploads\/2020\/08\/strzalka.png\" alt=\"\" width=\"10\" height=\"11\" \/> Au programme:<\/strong><\/p>\n<ul>\n<li>Diffusion des nouvelles connaissances sur la maladie,<\/li>\n<li>Echanges des petites histoires et petits astuces qui am\u00e9liorent la vie quotidienne des familles.<\/li>\n<\/ul>\n<div style=\"text-align: center;\"><img loading=\"lazy\" decoding=\"async\" class=\"alignnone wp-image-40 size-full\" src=\"https:\/\/www.ondinefrance.org\/wp-content\/uploads\/2020\/08\/afso_2000p.jpg\" alt=\"\" width=\"300\" height=\"166\" \/>\u00a0<img loading=\"lazy\" decoding=\"async\" class=\"alignnone wp-image-13\" src=\"https:\/\/www.ondinefrance.org\/wp-content\/uploads\/2020\/08\/enfants_ondine_2p.jpg\" alt=\"\" width=\"263\" height=\"166\" \/><\/div>\n","protected":false},"excerpt":{"rendered":"<p>Des rencontres sont organis\u00e9es par le Centre de R\u00e9f\u00e9rence Fran\u00e7ais du Syndrome d&rsquo;Ondine et par l&rsquo;Association Fran\u00e7aise du Syndrome d&rsquo;Ondine&#8230; Le moment est pr\u00e9cieux pour des \u00e9changes amicaux entre les enfants, adolescents et jeunes adultes Ondine, entour\u00e9s par leurs familles et les m\u00e9decins et professionnels de sant\u00e9. Au programme: Diffusion des nouvelles connaissances sur la [&hellip;]<br \/><a href=\"https:\/\/www.ondinefrance.org\/index.php\/les-rencontres-avec-lafso\/\" class=\"more-link\" >Continue reading&#8230;<\/a><\/p>\n","protected":false},"author":1,"featured_media":0,"parent":0,"menu_order":0,"comment_status":"closed","ping_status":"closed","template":"","meta":{"footnotes":""},"class_list":["post-163","page","type-page","status-publish","hentry"],"_links":{"self":[{"href":"https:\/\/www.ondinefrance.org\/index.php\/wp-json\/wp\/v2\/pages\/163","targetHints":{"allow":["GET"]}}],"collection":[{"href":"https:\/\/www.ondinefrance.org\/index.php\/wp-json\/wp\/v2\/pages"}],"about":[{"href":"https:\/\/www.ondinefrance.org\/index.php\/wp-json\/wp\/v2\/types\/page"}],"author":[{"embeddable":true,"href":"https:\/\/www.ondinefrance.org\/index.php\/wp-json\/wp\/v2\/users\/1"}],"replies":[{"embeddable":true,"href":"https:\/\/www.ondinefrance.org\/index.php\/wp-json\/wp\/v2\/comments?post=163"}],"version-history":[{"count":6,"href":"https:\/\/www.ondinefrance.org\/index.php\/wp-json\/wp\/v2\/pages\/163\/revisions"}],"predecessor-version":[{"id":539,"href":"https:\/\/www.ondinefrance.org\/index.php\/wp-json\/wp\/v2\/pages\/163\/revisions\/539"}],"wp:attachment":[{"href":"https:\/\/www.ondinefrance.org\/index.php\/wp-json\/wp\/v2\/media?parent=163"}],"curies":[{"name":"wp","href":"https:\/\/api.w.org\/{rel}","templated":true}]}}