{"id":181,"date":"2020-08-21T16:37:39","date_gmt":"2020-08-21T14:37:39","guid":{"rendered":"https:\/\/www.ondinefrance.org\/?page_id=181"},"modified":"2020-09-03T17:29:47","modified_gmt":"2020-09-03T15:29:47","slug":"prise-en-charge-sociale","status":"publish","type":"page","link":"https:\/\/www.ondinefrance.org\/index.php\/prise-en-charge-sociale\/","title":{"rendered":"Prise en charge sociale"},"content":{"rendered":"<p><span style=\"color: #99cc00;\"><strong>FORMULAIRES&#8230;<\/strong><\/span><\/p>\n<p><strong>Des mod\u00e8les sont propos\u00e9s pour aider les m\u00e9decins \u00e0 remplir les formulaires de demande de prestations sociales pour les patients Ondine. Il convient de les adapter \u00e0 chaque cas sp\u00e9cifique.<\/strong><\/p>\n<p><span style=\"font-size: small; font-family: 'trebuchet ms', geneva;\"><strong><img loading=\"lazy\" decoding=\"async\" class=\"alignnone wp-image-35\" src=\"https:\/\/www.ondinefrance.org\/wp-content\/uploads\/2020\/08\/strzalka.png\" alt=\"\" width=\"10\" height=\"11\" \/><\/strong> <\/span><strong>Demande de prise en charge d\u2019une affection de longue dur\u00e9e <a href=\"http:\/\/www.ameli.fr\" target=\"_blank\" rel=\"noopener noreferrer\">&gt;&gt; En savoir plus&#8230;<\/a><\/strong><\/p>\n<ul>\n<li>Mod\u00e8le du protocole inter-r\u00e9gimes d\u2019examen sp\u00e9cial PIRES n\u00b011626*02 (t\u00e9l\u00e9chargement ci-dessous, en bas de la page) + Aide au remplissage du formulaire PIRES.<\/li>\n<li>T\u00e9l\u00e9chargez et imprimez un formulaire vierge (t\u00e9l\u00e9chargement ci-dessous \u00e0 la fin de cette page).<\/li>\n<\/ul>\n<p><strong><span style=\"font-size: small; font-family: 'trebuchet ms', geneva;\"><img loading=\"lazy\" decoding=\"async\" class=\"alignnone wp-image-35\" src=\"https:\/\/www.ondinefrance.org\/wp-content\/uploads\/2020\/08\/strzalka.png\" alt=\"\" width=\"10\" height=\"11\" \/> <\/span>Demande d\u2019Allocation d\u2019Enseignement Sp\u00e9cial (AES) <a href=\"http:\/\/www.caf.fr\" target=\"_blank\" rel=\"noopener noreferrer\">&gt;&gt; En savoir plus&#8230;<\/a><\/strong><\/p>\n<ul>\n<li>T\u00e9l\u00e9chargez et imprimez un formulaire vierge (ci-dessous).<\/li>\n<\/ul>\n<p><strong><span style=\"font-size: small; font-family: 'trebuchet ms', geneva;\"><img loading=\"lazy\" decoding=\"async\" class=\"alignnone wp-image-35\" src=\"https:\/\/www.ondinefrance.org\/wp-content\/uploads\/2020\/08\/strzalka.png\" alt=\"\" width=\"10\" height=\"11\" \/> <\/span>Projet d\u2019Accueil Individualis\u00e9 (PAI)<\/strong><\/p>\n<ul>\n<li>Mod\u00e8le de PAI (Le PAI est accessible aux personnels de l\u2019\u00e9ducation qui accueillent l\u2019enfant. Il convient de respecter le secret m\u00e9dical et ne pas mentionner le diagnostic).<\/li>\n<\/ul>\n<hr \/>\n<p><strong><span style=\"font-size: small; font-family: 'trebuchet ms', geneva;\"><img loading=\"lazy\" decoding=\"async\" class=\"alignnone wp-image-35\" src=\"https:\/\/www.ondinefrance.org\/wp-content\/uploads\/2020\/08\/strzalka.png\" alt=\"\" width=\"10\" height=\"11\" \/> <\/span>Documentation:<\/strong><\/p>\n<ul>\n<li><a href=\"https:\/\/www.ondinefrance.org\/wp-content\/uploads\/2020\/08\/PIRES_modele_propose.pdf\" target=\"_blank\" rel=\"noopener noreferrer\">Document pdf Mod\u00e8le PIRES<\/a> <img loading=\"lazy\" decoding=\"async\" class=\"alignnone wp-image-319\" src=\"https:\/\/www.ondinefrance.org\/wp-content\/uploads\/2020\/08\/pdf.gif\" alt=\"\" width=\"20\" height=\"17\" \/><\/li>\n<li><a href=\"https:\/\/www.ondinefrance.org\/wp-content\/uploads\/2020\/08\/PIRES_vierge.pdf\" target=\"_blank\" rel=\"noopener noreferrer\">Document pdf PIRES vierge<\/a>\u00a0<img loading=\"lazy\" decoding=\"async\" class=\"alignnone wp-image-319\" src=\"https:\/\/www.ondinefrance.org\/wp-content\/uploads\/2020\/08\/pdf.gif\" alt=\"\" width=\"20\" height=\"17\" \/><\/li>\n<li><a href=\"https:\/\/www.ondinefrance.org\/wp-content\/uploads\/2020\/08\/aesDemande_vierge.pdf\" target=\"_blank\" rel=\"noopener noreferrer\">Document pdf Demande AES vierge<\/a> <img loading=\"lazy\" decoding=\"async\" class=\"alignnone wp-image-319\" src=\"https:\/\/www.ondinefrance.org\/wp-content\/uploads\/2020\/08\/pdf.gif\" alt=\"\" width=\"20\" height=\"17\" \/><\/li>\n<li><a href=\"https:\/\/www.ondinefrance.org\/wp-content\/uploads\/2020\/08\/pai.pdf\" target=\"_blank\" rel=\"noopener noreferrer\">Document pdf Mod\u00e8le de PAI<\/a>\u00a0<img loading=\"lazy\" decoding=\"async\" class=\"alignnone wp-image-319\" src=\"https:\/\/www.ondinefrance.org\/wp-content\/uploads\/2020\/08\/pdf.gif\" alt=\"\" width=\"20\" height=\"17\" \/><\/li>\n<\/ul>\n","protected":false},"excerpt":{"rendered":"<p>FORMULAIRES&#8230; Des mod\u00e8les sont propos\u00e9s pour aider les m\u00e9decins \u00e0 remplir les formulaires de demande de prestations sociales pour les patients Ondine. Il convient de les adapter \u00e0 chaque cas sp\u00e9cifique. Demande de prise en charge d\u2019une affection de longue dur\u00e9e &gt;&gt; En savoir plus&#8230; Mod\u00e8le du protocole inter-r\u00e9gimes d\u2019examen sp\u00e9cial PIRES n\u00b011626*02 (t\u00e9l\u00e9chargement ci-dessous, [&hellip;]<br \/><a href=\"https:\/\/www.ondinefrance.org\/index.php\/prise-en-charge-sociale\/\" class=\"more-link\" >Continue reading&#8230;<\/a><\/p>\n","protected":false},"author":1,"featured_media":0,"parent":0,"menu_order":0,"comment_status":"closed","ping_status":"closed","template":"","meta":{"footnotes":""},"class_list":["post-181","page","type-page","status-publish","hentry"],"_links":{"self":[{"href":"https:\/\/www.ondinefrance.org\/index.php\/wp-json\/wp\/v2\/pages\/181","targetHints":{"allow":["GET"]}}],"collection":[{"href":"https:\/\/www.ondinefrance.org\/index.php\/wp-json\/wp\/v2\/pages"}],"about":[{"href":"https:\/\/www.ondinefrance.org\/index.php\/wp-json\/wp\/v2\/types\/page"}],"author":[{"embeddable":true,"href":"https:\/\/www.ondinefrance.org\/index.php\/wp-json\/wp\/v2\/users\/1"}],"replies":[{"embeddable":true,"href":"https:\/\/www.ondinefrance.org\/index.php\/wp-json\/wp\/v2\/comments?post=181"}],"version-history":[{"count":7,"href":"https:\/\/www.ondinefrance.org\/index.php\/wp-json\/wp\/v2\/pages\/181\/revisions"}],"predecessor-version":[{"id":485,"href":"https:\/\/www.ondinefrance.org\/index.php\/wp-json\/wp\/v2\/pages\/181\/revisions\/485"}],"wp:attachment":[{"href":"https:\/\/www.ondinefrance.org\/index.php\/wp-json\/wp\/v2\/media?parent=181"}],"curies":[{"name":"wp","href":"https:\/\/api.w.org\/{rel}","templated":true}]}}